{"id":20,"date":"2013-05-02T10:36:36","date_gmt":"2013-05-02T08:36:36","guid":{"rendered":"http:\/\/kindergarten-mellrichstadt.de\/?page_id=20"},"modified":"2020-03-31T09:11:56","modified_gmt":"2020-03-31T07:11:56","slug":"das-sind-wir","status":"publish","type":"page","link":"http:\/\/kindergarten-mellrichstadt.de\/?page_id=20","title":{"rendered":"Das sind wir"},"content":{"rendered":"<p>In unserem Hause gibt es 3 Gruppen mit Kindern von 3 Jahren bis zum Schuleintritt und eine neu gebaute Kinderkrippe mit 18 Pl\u00e4tzen f\u00fcr Kinder unter 3 Jahren.<\/p>\n<p>Unserem Team geh\u00f6ren zwischen 8 und 16\u00a0Kolleginnen (Erzieherinnen und\u00a0\u00a0Kinderpflegerinnen) an, zwei Einzelintegrationskr\u00e4fte und eine Fachkraft f\u00fcr Sprache und Integration.\u00a0 Hinzu kommen Praktikanten aus den verschiedensten Schulen und Ausbildungsstufen.<\/p>\n<p><a href=\"http:\/\/kindergarten-mellrichstadt.de\/wp-content\/uploads\/2013\/05\/Caritas.jpg\"><img loading=\"lazy\" decoding=\"async\" class=\" wp-image-181 alignleft\" style=\"margin: 5px; border: 1px solid black;\" src=\"http:\/\/kindergarten-mellrichstadt.de\/wp-content\/uploads\/2013\/05\/Caritas.jpg\" alt=\"Caritas\" width=\"62\" height=\"69\" \/><\/a>Tr\u00e4ger unserer Einrichtung ist die Kath. Kirchenstiftung St. Kilian in Mellrichstadt und unser \u00a0Dachverband ist die Caritas.<\/p>\n<p>Wir sind ein &#8222;Schwerpunktkindergarten Sprache und Integration&#8220;, gef\u00f6dert durch das Bundesministerium Familie, Senioren, Frauen und Jugend im Projekt &#8222;Fr\u00fche Chancen&#8220;. Infos hierzu finden Sie hier auf unserer Homepage unter dem Men\u00fcpunkt &#8222;Sprach-Kita&#8220; oder unter: <a href=\"http:\/\/sprach-kitas.fruehe-chancen.de\/\">www.fr\u00fche-chancen.de<\/a><\/p>\n<p>F\u00fcr eine weitere Professionalisierung des fr\u00fchp\u00e4dagogischen Feldes ist eine systematische Qualit\u00e4tssicherung und -entwicklung unabdinglich. In Bayern soll deshalb unterst\u00fctzend ein dauerhaftes und effektives Unterst\u00fctzungssystem in den Kindertageseinrichtungen etabliert werden. Zur Erprobung der hierf\u00fcr entwickelten Konzeption wurde vom Staatsministerium f\u00fcr Arbeit und Soziales, Familie und Integration (StMAS) der Modellversuch \u201eP\u00e4dagogische Qualit\u00e4tsbegleitung in Kindertageseinrichtungen (PQB)\u201c aufgelegt, f\u00fcr den eine Laufzeit von 4 Jahren vorgesehen ist (Beginn: 1. Januar 2015). Im Rahmen des Modellversuchs wird die Besch\u00e4ftigung von bis zu 60 PQB staatlich gef\u00f6rdert, bei Teilzeit entsprechend mehr.\u00a0Infos hierzu finden Sie unter:\u00a0www.ifp.bayern.de unter dem Begriff &#8222;PQB&#8220;<br \/>\n<i>\u00a0\u00a0\u00a0\u00a0\u00a0\u00a0\u00a0\u00a0\u00a0\u00a0\u00a0\u00a0\u00a0\u00a0\u00a0\u00a0\u00a0\u00a0\u00a0\u00a0<\/i><\/p>\n<h4><i>\u00a0 \u00a0 \u00a0 \u00a0 \u00a0 \u00a0 \u00a0\u00a0<span style=\"color: #ffcc00;\">\u00a0\u00a0<\/span><\/i><span style=\"color: #ffcc00;\">\u00a0 \u201eNimm ein Kind an die Hand<\/span><\/h4>\n<h4><span style=\"color: #ffcc00;\">\u00a0\u00a0\u00a0\u00a0\u00a0\u00a0\u00a0\u00a0\u00a0\u00a0\u00a0\u00a0\u00a0\u00a0\u00a0\u00a0\u00a0\u00a0\u00a0\u00a0\u00a0\u00a0\u00a0\u00a0\u00a0\u00a0\u00a0\u00a0\u00a0\u00a0\u00a0\u00a0\u00a0\u00a0\u00a0\u00a0\u00a0 und lasse Dich von ihm f\u00fchren!<\/span><\/h4>\n<h4><span style=\"color: #ffcc00;\">\u00a0\u00a0\u00a0\u00a0\u00a0\u00a0\u00a0\u00a0\u00a0\u00a0\u00a0\u00a0\u00a0\u00a0\u00a0\u00a0\u00a0\u00a0\u00a0\u00a0\u00a0\u00a0 Beachte die Steine, die es aufhebt<\/span><\/h4>\n<h4><span style=\"color: #ffcc00;\">\u00a0 \u00a0\u00a0\u00a0\u00a0\u00a0\u00a0\u00a0\u00a0\u00a0\u00a0\u00a0\u00a0\u00a0\u00a0\u00a0\u00a0\u00a0\u00a0\u00a0\u00a0\u00a0\u00a0\u00a0\u00a0\u00a0\u00a0\u00a0\u00a0\u00a0\u00a0\u00a0\u00a0\u00a0\u00a0\u00a0\u00a0\u00a0\u00a0\u00a0\u00a0\u00a0\u00a0\u00a0\u00a0 und h\u00f6re zu, was es sagt!<\/span><\/h4>\n<h4><span style=\"color: #ffcc00;\">\u00a0\u00a0\u00a0\u00a0\u00a0\u00a0\u00a0\u00a0\u00a0\u00a0\u00a0 \u00a0\u00a0\u00a0\u00a0\u00a0\u00a0\u00a0\u00a0\u00a0\u00a0\u00a0\u00a0\u00a0\u00a0\u00a0\u00a0\u00a0\u00a0\u00a0\u00a0\u00a0\u00a0\u00a0\u00a0\u00a0\u00a0\u00a0\u00a0\u00a0\u00a0\u00a0\u00a0\u00a0\u00a0 \u00a0\u00a0\u00a0\u00a0\u00a0\u00a0\u00a0\u00a0\u00a0\u00a0\u00a0 Zur Belohnung zeigt es Dir eine Welt<\/span><\/h4>\n<h4><span style=\"color: #ffcc00;\">\u00a0\u00a0\u00a0\u00a0\u00a0\u00a0\u00a0\u00a0\u00a0\u00a0\u00a0\u00a0\u00a0\u00a0\u00a0\u00a0\u00a0\u00a0\u00a0\u00a0\u00a0\u00a0\u00a0\u00a0\u00a0\u00a0\u00a0\u00a0\u00a0\u00a0\u00a0\u00a0\u00a0\u00a0\u00a0\u00a0\u00a0\u00a0\u00a0\u00a0\u00a0\u00a0\u00a0\u00a0\u00a0\u00a0 die Du l\u00e4ngst vergessen hast!&#8220;<\/span><\/h4>\n<p><span style=\"color: #ffcc00;\">\u00a0<\/span><\/p>\n","protected":false},"excerpt":{"rendered":"<p>In unserem Hause gibt es 3 Gruppen mit Kindern von 3 Jahren bis zum Schuleintritt und eine neu gebaute Kinderkrippe mit 18 Pl\u00e4tzen f\u00fcr Kinder unter 3 Jahren. Unserem Team geh\u00f6ren zwischen 8 und 16\u00a0Kolleginnen (Erzieherinnen und\u00a0\u00a0Kinderpflegerinnen) an, zwei Einzelintegrationskr\u00e4fte &hellip; <a href=\"http:\/\/kindergarten-mellrichstadt.de\/?page_id=20\">Weiterlesen <span class=\"meta-nav\">&rarr;<\/span><\/a><\/p>\n","protected":false},"author":1,"featured_media":0,"parent":0,"menu_order":0,"comment_status":"closed","ping_status":"closed","template":"","meta":{"footnotes":""},"class_list":["post-20","page","type-page","status-publish","hentry"],"jetpack_sharing_enabled":true,"_links":{"self":[{"href":"http:\/\/kindergarten-mellrichstadt.de\/index.php?rest_route=\/wp\/v2\/pages\/20","targetHints":{"allow":["GET"]}}],"collection":[{"href":"http:\/\/kindergarten-mellrichstadt.de\/index.php?rest_route=\/wp\/v2\/pages"}],"about":[{"href":"http:\/\/kindergarten-mellrichstadt.de\/index.php?rest_route=\/wp\/v2\/types\/page"}],"author":[{"embeddable":true,"href":"http:\/\/kindergarten-mellrichstadt.de\/index.php?rest_route=\/wp\/v2\/users\/1"}],"replies":[{"embeddable":true,"href":"http:\/\/kindergarten-mellrichstadt.de\/index.php?rest_route=%2Fwp%2Fv2%2Fcomments&post=20"}],"version-history":[{"count":27,"href":"http:\/\/kindergarten-mellrichstadt.de\/index.php?rest_route=\/wp\/v2\/pages\/20\/revisions"}],"predecessor-version":[{"id":2006,"href":"http:\/\/kindergarten-mellrichstadt.de\/index.php?rest_route=\/wp\/v2\/pages\/20\/revisions\/2006"}],"wp:attachment":[{"href":"http:\/\/kindergarten-mellrichstadt.de\/index.php?rest_route=%2Fwp%2Fv2%2Fmedia&parent=20"}],"curies":[{"name":"wp","href":"https:\/\/api.w.org\/{rel}","templated":true}]}}