{"id":654,"date":"2014-10-30T13:44:28","date_gmt":"2014-10-30T11:44:28","guid":{"rendered":"http:\/\/kindergarten-mellrichstadt.de\/?page_id=654"},"modified":"2021-10-01T10:57:28","modified_gmt":"2021-10-01T08:57:28","slug":"projekt-schullabor-2","status":"publish","type":"page","link":"http:\/\/kindergarten-mellrichstadt.de\/?page_id=654","title":{"rendered":"Schullabor"},"content":{"rendered":"<div id=\"attachment_679\" style=\"width: 122px\" class=\"wp-caption alignleft\"><a href=\"http:\/\/kindergarten-mellrichstadt.de\/?attachment_id=679\" rel=\"attachment wp-att-679\"><img loading=\"lazy\" decoding=\"async\" aria-describedby=\"caption-attachment-679\" class=\"wp-image-679 size-medium\" src=\"http:\/\/kindergarten-mellrichstadt.de\/wp-content\/uploads\/2014\/10\/0e38cec1f15eff33df7f9d60580968ec-112x150.jpg\" alt=\"Schullabor Monte\" width=\"112\" height=\"150\" srcset=\"http:\/\/kindergarten-mellrichstadt.de\/wp-content\/uploads\/2014\/10\/0e38cec1f15eff33df7f9d60580968ec-112x150.jpg 112w, http:\/\/kindergarten-mellrichstadt.de\/wp-content\/uploads\/2014\/10\/0e38cec1f15eff33df7f9d60580968ec-225x300.jpg 225w, http:\/\/kindergarten-mellrichstadt.de\/wp-content\/uploads\/2014\/10\/0e38cec1f15eff33df7f9d60580968ec.jpg 360w\" sizes=\"auto, (max-width: 112px) 100vw, 112px\" \/><\/a><p id=\"caption-attachment-679\" class=\"wp-caption-text\">Vorhandenes Motessori-material hilft beim gemeinsamen lernen.<\/p><\/div>\n<div id=\"attachment_682\" style=\"width: 160px\" class=\"wp-caption alignright\"><a href=\"http:\/\/kindergarten-mellrichstadt.de\/?attachment_id=682\" rel=\"attachment wp-att-682\"><img loading=\"lazy\" decoding=\"async\" aria-describedby=\"caption-attachment-682\" class=\"wp-image-682 size-medium\" src=\"http:\/\/kindergarten-mellrichstadt.de\/wp-content\/uploads\/2014\/10\/30da232e89057ded30d2f9edbce8a84f-150x112.jpg\" alt=\"Schullabor Lege\" width=\"150\" height=\"112\" srcset=\"http:\/\/kindergarten-mellrichstadt.de\/wp-content\/uploads\/2014\/10\/30da232e89057ded30d2f9edbce8a84f-150x112.jpg 150w, http:\/\/kindergarten-mellrichstadt.de\/wp-content\/uploads\/2014\/10\/30da232e89057ded30d2f9edbce8a84f-400x300.jpg 400w, http:\/\/kindergarten-mellrichstadt.de\/wp-content\/uploads\/2014\/10\/30da232e89057ded30d2f9edbce8a84f.jpg 480w\" sizes=\"auto, (max-width: 150px) 100vw, 150px\" \/><\/a><p id=\"caption-attachment-682\" class=\"wp-caption-text\">F\u00fcr alle Lernbereiche gibt es Material.<\/p><\/div>\n<p>In unserem Projekt &#8222;Schullabor&#8220; geht es uns darum, den \u00dcbergang vom Kindergarten in die Schule so zu gestalten, dass die Kinder mutig, mit Freude und der gesunden kindlichen Neugierde in die Schule gehen.\u00a0 Im Bayerischen Bildungs- und Erziehungsplan hei\u00dft es hierzu: &#8222;Das Kind und seine Eltern erfahren, dass \u00dcberg\u00e4nge eine Herausforderung sein k\u00f6nnen und keine Belastung sein m\u00fcssen. Durch deren erfolgreiche Bew\u00e4ltigung erwirbt das Kind Kompetenzen im Umgang mit immer neuen Situationen im Leben und ist in der Lage, Angebote und Bildungseinrichtungen bestm\u00f6glichst zu nutzen&#8230;.&#8220;<\/p>\n<div id=\"attachment_684\" style=\"width: 160px\" class=\"wp-caption alignleft\"><a href=\"http:\/\/kindergarten-mellrichstadt.de\/?attachment_id=684\" rel=\"attachment wp-att-684\"><img loading=\"lazy\" decoding=\"async\" aria-describedby=\"caption-attachment-684\" class=\"wp-image-684 size-medium\" src=\"http:\/\/kindergarten-mellrichstadt.de\/wp-content\/uploads\/2014\/10\/545a70704cf29d6c6c50b6dccde62d17-150x112.jpg\" alt=\"Schullabor Gef\u00fchle 034\" width=\"150\" height=\"112\" srcset=\"http:\/\/kindergarten-mellrichstadt.de\/wp-content\/uploads\/2014\/10\/545a70704cf29d6c6c50b6dccde62d17-150x112.jpg 150w, http:\/\/kindergarten-mellrichstadt.de\/wp-content\/uploads\/2014\/10\/545a70704cf29d6c6c50b6dccde62d17-400x300.jpg 400w, http:\/\/kindergarten-mellrichstadt.de\/wp-content\/uploads\/2014\/10\/545a70704cf29d6c6c50b6dccde62d17.jpg 480w\" sizes=\"auto, (max-width: 150px) 100vw, 150px\" \/><\/a><p id=\"caption-attachment-684\" class=\"wp-caption-text\">Auch Eltern wollen gut auf die Schule vorbereitet werden. Sie sind ja &#8222;Vorschuleltern&#8220; und das ist auch ein \u00dcbergang, der begleitet werden sollte.<\/p><\/div>\n<div id=\"attachment_948\" style=\"width: 160px\" class=\"wp-caption alignright\"><a href=\"http:\/\/kindergarten-mellrichstadt.de\/wp-content\/uploads\/2014\/10\/Buchstaben-007.jpg\" rel=\"attachment wp-att-948\"><img loading=\"lazy\" decoding=\"async\" aria-describedby=\"caption-attachment-948\" class=\"wp-image-948 size-medium\" src=\"http:\/\/kindergarten-mellrichstadt.de\/wp-content\/uploads\/2014\/10\/Buchstaben-007-150x113.jpg\" alt=\"Buchstaben 007\" width=\"150\" height=\"113\" srcset=\"http:\/\/kindergarten-mellrichstadt.de\/wp-content\/uploads\/2014\/10\/Buchstaben-007-150x113.jpg 150w, http:\/\/kindergarten-mellrichstadt.de\/wp-content\/uploads\/2014\/10\/Buchstaben-007-400x300.jpg 400w, http:\/\/kindergarten-mellrichstadt.de\/wp-content\/uploads\/2014\/10\/Buchstaben-007.jpg 480w\" sizes=\"auto, (max-width: 150px) 100vw, 150px\" \/><\/a><p id=\"caption-attachment-948\" class=\"wp-caption-text\">Buchstaben und Zahlen k\u00f6nnen auf die unterschiedlichste Weise entdeckt werden, ohne dass es schon darum geht, sie auch zu lernen. Sie werden erlebt mit allen Sinnen.<\/p><\/div>\n<p>Zusammen mit der Fr\u00fchp\u00e4dagogik-Studentin Angela M\u00fcller haben wir diese Zielsetzung zu Grunde gelegt und ein &#8222;Schullabor&#8220; entwickelt, in dem sich die &#8222;Vorschulkinder&#8220; unseres Hauses an jedem Freitag treffen und den Vormittag zusammen verbringen. Neben dem angebotenen, speziell auf den Entwicklungsstand der Vorschulkinder abgestimmten Spiel- und Arbeitsmaterial (Montessori-Material, Literacy-Bereich, Forschen und Experimentieren,&#8230;usw) finden immer wieder Aktionen statt, die Ber\u00fchrungspunkte mit dem Thema &#8222;Schule&#8220; schaffen. So wird mit den Kindern deren Situation, n\u00e4mlich dass eine gro\u00dfe Ver\u00e4nderung ansteht, bewusst wahrgenommen, bearbeitet und reflektiert.<\/p>\n<div id=\"attachment_681\" style=\"width: 160px\" class=\"wp-caption alignleft\"><a href=\"http:\/\/kindergarten-mellrichstadt.de\/?attachment_id=681\" rel=\"attachment wp-att-681\"><img loading=\"lazy\" decoding=\"async\" aria-describedby=\"caption-attachment-681\" class=\"wp-image-681 size-medium\" src=\"http:\/\/kindergarten-mellrichstadt.de\/wp-content\/uploads\/2014\/10\/33fcb5dd67d94d1f41c0221c94cf35c7-150x112.jpg\" alt=\"Schullabor Schlaum\u00e4use\" width=\"150\" height=\"112\" srcset=\"http:\/\/kindergarten-mellrichstadt.de\/wp-content\/uploads\/2014\/10\/33fcb5dd67d94d1f41c0221c94cf35c7-150x112.jpg 150w, http:\/\/kindergarten-mellrichstadt.de\/wp-content\/uploads\/2014\/10\/33fcb5dd67d94d1f41c0221c94cf35c7-400x300.jpg 400w, http:\/\/kindergarten-mellrichstadt.de\/wp-content\/uploads\/2014\/10\/33fcb5dd67d94d1f41c0221c94cf35c7.jpg 480w\" sizes=\"auto, (max-width: 150px) 100vw, 150px\" \/><\/a><p id=\"caption-attachment-681\" class=\"wp-caption-text\">Am Computer k\u00f6nnen die Kinder mit dem Programm &#8222;Schlaum\u00e4use&#8220; oder &#8222;Tipp-Tapp&#8220; gemeinsam sich im Bereich Literacy fit machen.<\/p><\/div>\n<p>Dokumentiert werden die Erfahrungen mit dem \u00dcbergangsbuch, das von dem Kind mit seinen Eltern zusammen gestaltet wird. So werden Gedanken \u00fcber und Erfahrungen mit der Schule auch in der Familie besprochen und aufgearbeitet.<\/p>\n<div id=\"attachment_949\" style=\"width: 160px\" class=\"wp-caption alignright\"><a href=\"http:\/\/kindergarten-mellrichstadt.de\/wp-content\/uploads\/2014\/10\/aa6f0bb9827906034c6a1a9854b6ca2c.jpg\" rel=\"attachment wp-att-949\"><img loading=\"lazy\" decoding=\"async\" aria-describedby=\"caption-attachment-949\" class=\"wp-image-949 size-medium\" src=\"http:\/\/kindergarten-mellrichstadt.de\/wp-content\/uploads\/2014\/10\/aa6f0bb9827906034c6a1a9854b6ca2c-150x113.jpg\" alt=\"St. Martin - Spenden\u00fcbergabe 007\" width=\"150\" height=\"113\" srcset=\"http:\/\/kindergarten-mellrichstadt.de\/wp-content\/uploads\/2014\/10\/aa6f0bb9827906034c6a1a9854b6ca2c-150x113.jpg 150w, http:\/\/kindergarten-mellrichstadt.de\/wp-content\/uploads\/2014\/10\/aa6f0bb9827906034c6a1a9854b6ca2c-400x300.jpg 400w, http:\/\/kindergarten-mellrichstadt.de\/wp-content\/uploads\/2014\/10\/aa6f0bb9827906034c6a1a9854b6ca2c.jpg 480w\" sizes=\"auto, (max-width: 150px) 100vw, 150px\" \/><\/a><p id=\"caption-attachment-949\" class=\"wp-caption-text\">Ein Thema ist zum Beispiel das Auseinandersetzen mit Gef\u00fchlen.<\/p><\/div>\n<p>Die Kolleginnen, die aktuell das Schullabor begleiten, k\u00f6nnen individuell auf die Vorschulkinder eingehen und sp\u00fcren und nachempfinden, was in den Kindern vorgeht und was notwendig ist f\u00fcr einen guten \u00dcbergang. Die Kinder erfahren eine Wertsch\u00e4tzung f\u00fcr ihre Situation als &#8222;Vorschulkind&#8220; in der Einrichtung und sp\u00fcren so nicht nur die h\u00f6heren Erwartungen &#8222;Du bist jetzt bei den &#8222;Gro\u00dfen&#8220; und da kannst du schon &#8230;..&#8220;<\/p>\n<div id=\"attachment_699\" style=\"width: 160px\" class=\"wp-caption alignleft\"><a href=\"http:\/\/kindergarten-mellrichstadt.de\/?attachment_id=699\" rel=\"attachment wp-att-699\"><img loading=\"lazy\" decoding=\"async\" aria-describedby=\"caption-attachment-699\" class=\"wp-image-699 size-medium\" src=\"http:\/\/kindergarten-mellrichstadt.de\/wp-content\/uploads\/2014\/10\/df221c58f071efcf33593d0dbe07b4e6-e1417081517458-150x112.jpg\" alt=\"Schullabor Gef\u00fchle 077\" width=\"150\" height=\"112\" srcset=\"http:\/\/kindergarten-mellrichstadt.de\/wp-content\/uploads\/2014\/10\/df221c58f071efcf33593d0dbe07b4e6-e1417081517458-150x112.jpg 150w, http:\/\/kindergarten-mellrichstadt.de\/wp-content\/uploads\/2014\/10\/df221c58f071efcf33593d0dbe07b4e6-e1417081517458-400x300.jpg 400w, http:\/\/kindergarten-mellrichstadt.de\/wp-content\/uploads\/2014\/10\/df221c58f071efcf33593d0dbe07b4e6-e1417081517458.jpg 480w\" sizes=\"auto, (max-width: 150px) 100vw, 150px\" \/><\/a><p id=\"caption-attachment-699\" class=\"wp-caption-text\">Zwei alte Schreibmaschinen sind prima, um in die Welt der Schriftsprache einzutauchen!<\/p><\/div>\n<div id=\"attachment_950\" style=\"width: 160px\" class=\"wp-caption alignright\"><a href=\"http:\/\/kindergarten-mellrichstadt.de\/wp-content\/uploads\/2014\/10\/IMG_1944.jpg\" rel=\"attachment wp-att-950\"><img loading=\"lazy\" decoding=\"async\" aria-describedby=\"caption-attachment-950\" class=\"wp-image-950 size-medium\" src=\"http:\/\/kindergarten-mellrichstadt.de\/wp-content\/uploads\/2014\/10\/IMG_1944-150x113.jpg\" alt=\"IMG_1944\" width=\"150\" height=\"113\" srcset=\"http:\/\/kindergarten-mellrichstadt.de\/wp-content\/uploads\/2014\/10\/IMG_1944-150x113.jpg 150w, http:\/\/kindergarten-mellrichstadt.de\/wp-content\/uploads\/2014\/10\/IMG_1944-400x300.jpg 400w, http:\/\/kindergarten-mellrichstadt.de\/wp-content\/uploads\/2014\/10\/IMG_1944.jpg 480w\" sizes=\"auto, (max-width: 150px) 100vw, 150px\" \/><\/a><p id=\"caption-attachment-950\" class=\"wp-caption-text\">Die Kinder lernen nicht das Schreiben &#8211; Aber Schrift ist interessant und wird verwendet, auch wenn es am Ende noch kein Wort ergibt.<\/p><\/div>\n<p>Das &#8222;Schullabor&#8220; ist keine fertige Einrichtung, sondern w\u00e4chst stetig in seinem Angebot mit den Kindern, die es beleben und belernen. Wir sind alle sehr gespannt, wohin uns dieser Weg f\u00fchrt&#8230;.<\/p>\n<p>M\u00f6chten Sie mehr \u00fcber unser Schullabor wissen, dann finden Sie hier die Konzeption.<\/p>\n<p><a href=\"http:\/\/kindergarten-mellrichstadt.de\/wp-content\/uploads\/2021\/10\/Konzeption-Schullabor-Stand-09-21.odt\">Konzeption Schullabor Stand 09-21<\/a><\/p>\n","protected":false},"excerpt":{"rendered":"<p>In unserem Projekt &#8222;Schullabor&#8220; geht es uns darum, den \u00dcbergang vom Kindergarten in die Schule so zu gestalten, dass die Kinder mutig, mit Freude und der gesunden kindlichen Neugierde in die Schule gehen.\u00a0 Im Bayerischen Bildungs- und Erziehungsplan hei\u00dft es &hellip; <a href=\"http:\/\/kindergarten-mellrichstadt.de\/?page_id=654\">Weiterlesen <span class=\"meta-nav\">&rarr;<\/span><\/a><\/p>\n","protected":false},"author":1,"featured_media":0,"parent":0,"menu_order":0,"comment_status":"closed","ping_status":"closed","template":"sidebar-page.php","meta":{"footnotes":""},"class_list":["post-654","page","type-page","status-publish","hentry"],"jetpack_sharing_enabled":true,"_links":{"self":[{"href":"http:\/\/kindergarten-mellrichstadt.de\/index.php?rest_route=\/wp\/v2\/pages\/654","targetHints":{"allow":["GET"]}}],"collection":[{"href":"http:\/\/kindergarten-mellrichstadt.de\/index.php?rest_route=\/wp\/v2\/pages"}],"about":[{"href":"http:\/\/kindergarten-mellrichstadt.de\/index.php?rest_route=\/wp\/v2\/types\/page"}],"author":[{"embeddable":true,"href":"http:\/\/kindergarten-mellrichstadt.de\/index.php?rest_route=\/wp\/v2\/users\/1"}],"replies":[{"embeddable":true,"href":"http:\/\/kindergarten-mellrichstadt.de\/index.php?rest_route=%2Fwp%2Fv2%2Fcomments&post=654"}],"version-history":[{"count":22,"href":"http:\/\/kindergarten-mellrichstadt.de\/index.php?rest_route=\/wp\/v2\/pages\/654\/revisions"}],"predecessor-version":[{"id":3108,"href":"http:\/\/kindergarten-mellrichstadt.de\/index.php?rest_route=\/wp\/v2\/pages\/654\/revisions\/3108"}],"wp:attachment":[{"href":"http:\/\/kindergarten-mellrichstadt.de\/index.php?rest_route=%2Fwp%2Fv2%2Fmedia&parent=654"}],"curies":[{"name":"wp","href":"https:\/\/api.w.org\/{rel}","templated":true}]}}